{"id":15,"date":"2025-02-27T17:50:22","date_gmt":"2025-02-27T17:50:22","guid":{"rendered":"https:\/\/terapiawcentrum.pl\/kontakt\/"},"modified":"2025-11-12T10:07:04","modified_gmt":"2025-11-12T10:07:04","slug":"kontakt","status":"publish","type":"page","link":"https:\/\/terapiawcentrum.pl\/en\/kontakt\/","title":{"rendered":"Kontakt"},"content":{"rendered":"<div data-elementor-type=\"wp-page\" data-elementor-id=\"15\" class=\"elementor elementor-15\">\n\t\t\t\t\t\t<section class=\"elementor-section elementor-top-section elementor-element elementor-element-71de5f40 elementor-section-boxed elementor-section-height-default elementor-section-height-default\" data-id=\"71de5f40\" data-element_type=\"section\">\n\t\t\t\t\t\t<div class=\"elementor-container elementor-column-gap-no\">\n\t\t\t\t\t<div class=\"elementor-column elementor-col-100 elementor-top-column elementor-element elementor-element-c3a740\" data-id=\"c3a740\" data-element_type=\"column\">\n\t\t\t<div class=\"elementor-widget-wrap elementor-element-populated\">\n\t\t\t\t\t\t<div class=\"elementor-element elementor-element-7921f842 elementor-widget__width-auto elementor-widget elementor-widget-heading\" data-id=\"7921f842\" data-element_type=\"widget\" data-widget_type=\"heading.default\">\n\t\t\t\t<div class=\"elementor-widget-container\">\n\t\t\t\t\t<h1 class=\"elementor-heading-title elementor-size-default\">Kontakt<\/h1>\t\t\t\t<\/div>\n\t\t\t\t<\/div>\n\t\t\t\t\t<\/div>\n\t\t<\/div>\n\t\t\t\t\t<\/div>\n\t\t<\/section>\n\t\t\t\t<section class=\"elementor-section elementor-top-section elementor-element elementor-element-4307fd47 elementor-section-content-middle elementor-section-boxed elementor-section-height-default elementor-section-height-default\" data-id=\"4307fd47\" data-element_type=\"section\" data-settings=\"{&quot;background_background&quot;:&quot;classic&quot;}\">\n\t\t\t\t\t\t<div class=\"elementor-container elementor-column-gap-no\">\n\t\t\t\t\t<div class=\"elementor-column elementor-col-50 elementor-top-column elementor-element elementor-element-78210917\" data-id=\"78210917\" data-element_type=\"column\">\n\t\t\t<div class=\"elementor-widget-wrap elementor-element-populated\">\n\t\t\t\t\t\t<div class=\"elementor-element elementor-element-725dbf2 elementor-widget elementor-widget-text-editor\" data-id=\"725dbf2\" data-element_type=\"widget\" data-widget_type=\"text-editor.default\">\n\t\t\t\t<div class=\"elementor-widget-container\">\n\t\t\t\t\t\t\t\t\tGabinet W CENTRUM to psychoterapia w samym sercu Warszawy, przy stacji Metro Centrum, tu\u017c przy hotelu Novotel.\t\t\t\t\t\t\t\t<\/div>\n\t\t\t\t<\/div>\n\t\t\t\t<div class=\"elementor-element elementor-element-4a96bda elementor-widget elementor-widget-text-editor\" data-id=\"4a96bda\" data-element_type=\"widget\" data-widget_type=\"text-editor.default\">\n\t\t\t\t<div class=\"elementor-widget-container\">\n\t\t\t\t\t\t\t\t\t<p>al. Jerozolimskie 31\/33 (V pi\u0119tro)<br \/>00-508 Warszawa<br \/>Metro Centrum \/ hotel Novotel<\/p><p><br \/><strong>Jacek B\u0141A\u017bEJEWSKI<\/strong><br \/>terapeuta uzale\u017cnie\u0144, psychopedagog<br \/>+48 606 144 324<br \/>jacek_blazejewski@o2.pl<\/p><p><strong>Agnieszka GESSEL<\/strong><br \/>psycholog, psychoterapeuta<br \/>+48 501 018 723<br \/>pracowniagessel@gmail.com<\/p><p><strong>Magdalena KRUK-ROGUCKA<\/strong><br \/>psycholog, psychoterapeuta, terapeuta EMDR<br \/>+48 503 198 160<br \/>m.kruk.rogucka@gmail.com<\/p><p><strong>Jana LISNA-NO\u017bYKOWSKA<\/strong><br \/>psycholog, psychoterapeuta<br \/>+48 503 988 813<\/p><p><strong>Jolanta RENDUDA<br \/><\/strong>psycholog, psychoterapeuta<br \/>+48 536 016 066<br \/>jola.renduda@wp.pl<\/p><p><strong>Valeriia Valova<br \/><\/strong>psycholog, psychoterapeuta<br \/>+48 725 383 509<\/p>\t\t\t\t\t\t\t\t<\/div>\n\t\t\t\t<\/div>\n\t\t\t\t\t<\/div>\n\t\t<\/div>\n\t\t\t\t<div class=\"elementor-column elementor-col-50 elementor-top-column elementor-element elementor-element-74670144\" data-id=\"74670144\" data-element_type=\"column\">\n\t\t\t<div class=\"elementor-widget-wrap elementor-element-populated\">\n\t\t\t\t\t\t<div class=\"elementor-element elementor-element-f5debac elementor-widget elementor-widget-google_maps\" data-id=\"f5debac\" data-element_type=\"widget\" data-widget_type=\"google_maps.default\">\n\t\t\t\t<div class=\"elementor-widget-container\">\n\t\t\t\t\t\t\t<div class=\"elementor-custom-embed\">\n\t\t\t<iframe loading=\"lazy\"\n\t\t\t\t\tsrc=\"https:\/\/maps.google.com\/maps?q=al.%20Jerozolimskie%2031%2F33%20%2C%2000-508%20Warszawa&#038;t=m&#038;z=14&#038;output=embed&#038;iwloc=near\"\n\t\t\t\t\ttitle=\"al. Jerozolimskie 31\/33 , 00-508 Warszawa\"\n\t\t\t\t\taria-label=\"al. Jerozolimskie 31\/33 , 00-508 Warszawa\"\n\t\t\t><\/iframe>\n\t\t<\/div>\n\t\t\t\t\t\t<\/div>\n\t\t\t\t<\/div>\n\t\t\t\t\t<\/div>\n\t\t<\/div>\n\t\t\t\t\t<\/div>\n\t\t<\/section>\n\t\t\t\t<\/div>","protected":false},"excerpt":{"rendered":"<p>Kontakt Gabinet W CENTRUM to psychoterapia w samym sercu Warszawy, przy stacji Metro Centrum, tu\u017c przy hotelu Novotel. al. Jerozolimskie 31\/33 (V pi\u0119tro)00-508 WarszawaMetro Centrum \/ hotel Novotel Jacek B\u0141A\u017bEJEWSKIterapeuta uzale\u017cnie\u0144, psychopedagog+48 606 144 324jacek_blazejewski@o2.pl Agnieszka GESSELpsycholog, psychoterapeuta+48 501 018 723pracowniagessel@gmail.com Magdalena KRUK-ROGUCKApsycholog, psychoterapeuta, terapeuta EMDR+48 503 198 160m.kruk.rogucka@gmail.com Jana LISNA-NO\u017bYKOWSKApsycholog, psychoterapeuta+48 503 988 813 [&hellip;]<\/p>","protected":false},"author":1,"featured_media":0,"parent":0,"menu_order":0,"comment_status":"closed","ping_status":"closed","template":"","meta":{"site-sidebar-layout":"no-sidebar","site-content-layout":"page-builder","ast-site-content-layout":"","site-content-style":"default","site-sidebar-style":"default","ast-global-header-display":"","ast-banner-title-visibility":"","ast-main-header-display":"","ast-hfb-above-header-display":"","ast-hfb-below-header-display":"","ast-hfb-mobile-header-display":"","site-post-title":"disabled","ast-breadcrumbs-content":"","ast-featured-img":"disabled","footer-sml-layout":"","theme-transparent-header-meta":"default","adv-header-id-meta":"","stick-header-meta":"","header-above-stick-meta":"","header-main-stick-meta":"","header-below-stick-meta":"","astra-migrate-meta-layouts":"default","ast-page-background-enabled":"default","ast-page-background-meta":{"desktop":{"background-color":"","background-image":"","background-repeat":"repeat","background-position":"center center","background-size":"auto","background-attachment":"scroll","background-type":"","background-media":"","overlay-type":"","overlay-color":"","overlay-opacity":"","overlay-gradient":""},"tablet":{"background-color":"","background-image":"","background-repeat":"repeat","background-position":"center center","background-size":"auto","background-attachment":"scroll","background-type":"","background-media":"","overlay-type":"","overlay-color":"","overlay-opacity":"","overlay-gradient":""},"mobile":{"background-color":"","background-image":"","background-repeat":"repeat","background-position":"center center","background-size":"auto","background-attachment":"scroll","background-type":"","background-media":"","overlay-type":"","overlay-color":"","overlay-opacity":"","overlay-gradient":""}},"ast-content-background-meta":{"desktop":{"background-color":"var(--ast-global-color-5)","background-image":"","background-repeat":"repeat","background-position":"center center","background-size":"auto","background-attachment":"scroll","background-type":"","background-media":"","overlay-type":"","overlay-color":"","overlay-opacity":"","overlay-gradient":""},"tablet":{"background-color":"var(--ast-global-color-5)","background-image":"","background-repeat":"repeat","background-position":"center center","background-size":"auto","background-attachment":"scroll","background-type":"","background-media":"","overlay-type":"","overlay-color":"","overlay-opacity":"","overlay-gradient":""},"mobile":{"background-color":"var(--ast-global-color-5)","background-image":"","background-repeat":"repeat","background-position":"center center","background-size":"auto","background-attachment":"scroll","background-type":"","background-media":"","overlay-type":"","overlay-color":"","overlay-opacity":"","overlay-gradient":""}},"footnotes":""},"class_list":["post-15","page","type-page","status-publish","hentry"],"_links":{"self":[{"href":"https:\/\/terapiawcentrum.pl\/en\/wp-json\/wp\/v2\/pages\/15","targetHints":{"allow":["GET"]}}],"collection":[{"href":"https:\/\/terapiawcentrum.pl\/en\/wp-json\/wp\/v2\/pages"}],"about":[{"href":"https:\/\/terapiawcentrum.pl\/en\/wp-json\/wp\/v2\/types\/page"}],"author":[{"embeddable":true,"href":"https:\/\/terapiawcentrum.pl\/en\/wp-json\/wp\/v2\/users\/1"}],"replies":[{"embeddable":true,"href":"https:\/\/terapiawcentrum.pl\/en\/wp-json\/wp\/v2\/comments?post=15"}],"version-history":[{"count":13,"href":"https:\/\/terapiawcentrum.pl\/en\/wp-json\/wp\/v2\/pages\/15\/revisions"}],"predecessor-version":[{"id":118,"href":"https:\/\/terapiawcentrum.pl\/en\/wp-json\/wp\/v2\/pages\/15\/revisions\/118"}],"wp:attachment":[{"href":"https:\/\/terapiawcentrum.pl\/en\/wp-json\/wp\/v2\/media?parent=15"}],"curies":[{"name":"wp","href":"https:\/\/api.w.org\/{rel}","templated":true}]}}