{"id":26,"date":"2025-02-27T17:50:25","date_gmt":"2025-02-27T17:50:25","guid":{"rendered":"https:\/\/terapiawcentrum.pl\/oferta\/"},"modified":"2025-03-18T12:40:28","modified_gmt":"2025-03-18T12:40:28","slug":"oferta","status":"publish","type":"page","link":"https:\/\/terapiawcentrum.pl\/en\/oferta\/","title":{"rendered":"Oferta"},"content":{"rendered":"<div data-elementor-type=\"wp-page\" data-elementor-id=\"26\" class=\"elementor elementor-26\">\n\t\t\t\t\t\t<section class=\"elementor-section elementor-top-section elementor-element elementor-element-7dabe8d9 elementor-section-boxed elementor-section-height-default elementor-section-height-default\" data-id=\"7dabe8d9\" data-element_type=\"section\">\n\t\t\t\t\t\t<div class=\"elementor-container elementor-column-gap-no\">\n\t\t\t\t\t<div class=\"elementor-column elementor-col-100 elementor-top-column elementor-element elementor-element-2a85d945\" data-id=\"2a85d945\" data-element_type=\"column\">\n\t\t\t<div class=\"elementor-widget-wrap elementor-element-populated\">\n\t\t\t\t\t\t<div class=\"elementor-element elementor-element-6a9cad68 elementor-widget__width-auto elementor-widget elementor-widget-heading\" data-id=\"6a9cad68\" data-element_type=\"widget\" data-widget_type=\"heading.default\">\n\t\t\t\t<div class=\"elementor-widget-container\">\n\t\t\t\t\t<h1 class=\"elementor-heading-title elementor-size-default\">Oferta<\/h1>\t\t\t\t<\/div>\n\t\t\t\t<\/div>\n\t\t\t\t\t<\/div>\n\t\t<\/div>\n\t\t\t\t\t<\/div>\n\t\t<\/section>\n\t\t\t\t<section class=\"elementor-section elementor-top-section elementor-element elementor-element-cf73871 elementor-section-height-default elementor-section-boxed elementor-section-height-default\" data-id=\"cf73871\" data-element_type=\"section\" data-settings=\"{&quot;background_background&quot;:&quot;classic&quot;}\">\n\t\t\t\t\t\t<div class=\"elementor-container elementor-column-gap-no\">\n\t\t\t\t\t<div class=\"elementor-column elementor-col-33 elementor-inner-column elementor-element elementor-element-6b8f0e94\" data-id=\"6b8f0e94\" data-element_type=\"column\">\n\t\t\t<div class=\"elementor-widget-wrap elementor-element-populated\">\n\t\t\t\t\t\t<div class=\"elementor-element elementor-element-500d3524 elementor-position-top elementor-widget elementor-widget-image-box\" data-id=\"500d3524\" data-element_type=\"widget\" data-widget_type=\"image-box.default\">\n\t\t\t\t<div class=\"elementor-widget-container\">\n\t\t\t\t\t<div class=\"elementor-image-box-wrapper\"><figure class=\"elementor-image-box-img\"><img fetchpriority=\"high\" decoding=\"async\" width=\"1200\" height=\"800\" src=\"https:\/\/terapiawcentrum.pl\/wp-content\/uploads\/2025\/03\/placeholder.png\" class=\"attachment-full size-full wp-image-94\" alt=\"\" srcset=\"https:\/\/terapiawcentrum.pl\/wp-content\/uploads\/2025\/03\/placeholder.png 1200w, https:\/\/terapiawcentrum.pl\/wp-content\/uploads\/2025\/03\/placeholder-300x200.png 300w, https:\/\/terapiawcentrum.pl\/wp-content\/uploads\/2025\/03\/placeholder-1024x683.png 1024w, https:\/\/terapiawcentrum.pl\/wp-content\/uploads\/2025\/03\/placeholder-768x512.png 768w, https:\/\/terapiawcentrum.pl\/wp-content\/uploads\/2025\/03\/placeholder-18x12.png 18w\" sizes=\"(max-width: 1200px) 100vw, 1200px\" \/><\/figure><div class=\"elementor-image-box-content\"><h3 class=\"elementor-image-box-title\">Psychoterapia indywidualna<\/h3><p class=\"elementor-image-box-description\">Ka\u017cdy cz\u0142owiek przechodzi w \u017cyciu kryzysy, zmaga si\u0119 z l\u0119kiem, trudno\u015bciami w relacjach, \u017ca\u0142ob\u0105 lub do\u015bwiadcza cierpienia, kt\u00f3re trudno mu nazwa\u0107. Relacja z psychoterapeut\u0105 to szansa dotarcia do \u017ar\u00f3de\u0142 problem\u00f3w, g\u0142\u0119bszego poznania siebie i \u0107wiczenia nowych form zachowania.<\/p><\/div><\/div>\t\t\t\t<\/div>\n\t\t\t\t<\/div>\n\t\t\t\t\t<\/div>\n\t\t<\/div>\n\t\t\t\t<div class=\"elementor-column elementor-col-33 elementor-inner-column elementor-element elementor-element-5fd379a0\" data-id=\"5fd379a0\" data-element_type=\"column\">\n\t\t\t<div class=\"elementor-widget-wrap elementor-element-populated\">\n\t\t\t\t\t\t<div class=\"elementor-element elementor-element-7e585524 elementor-position-top elementor-widget elementor-widget-image-box\" data-id=\"7e585524\" data-element_type=\"widget\" data-widget_type=\"image-box.default\">\n\t\t\t\t<div class=\"elementor-widget-container\">\n\t\t\t\t\t<div class=\"elementor-image-box-wrapper\"><figure class=\"elementor-image-box-img\"><img fetchpriority=\"high\" decoding=\"async\" width=\"1200\" height=\"800\" src=\"https:\/\/terapiawcentrum.pl\/wp-content\/uploads\/2025\/03\/placeholder.png\" class=\"attachment-full size-full wp-image-94\" alt=\"\" srcset=\"https:\/\/terapiawcentrum.pl\/wp-content\/uploads\/2025\/03\/placeholder.png 1200w, https:\/\/terapiawcentrum.pl\/wp-content\/uploads\/2025\/03\/placeholder-300x200.png 300w, https:\/\/terapiawcentrum.pl\/wp-content\/uploads\/2025\/03\/placeholder-1024x683.png 1024w, https:\/\/terapiawcentrum.pl\/wp-content\/uploads\/2025\/03\/placeholder-768x512.png 768w, https:\/\/terapiawcentrum.pl\/wp-content\/uploads\/2025\/03\/placeholder-18x12.png 18w\" sizes=\"(max-width: 1200px) 100vw, 1200px\" \/><\/figure><div class=\"elementor-image-box-content\"><h3 class=\"elementor-image-box-title\">Psychoterapia par<\/h3><p class=\"elementor-image-box-description\">Kiedy w relacji ma\u0142\u017ce\u0144skiej \/ partnerskiej pojawiaj\u0105 si\u0119 trudno\u015bci, czasem ci\u0119\u017cko jest upora\u0107 si\u0119 z nimi we dw\u00f3jk\u0119. W terapii pomagamy partnerom dostrzec i zrozumie\u0107 \u017ar\u00f3d\u0142a ich problem\u00f3w oraz wspieramy w szukaniu mo\u017cliwie najlepszych dla obojga rozwi\u0105za\u0144.<\/p><\/div><\/div>\t\t\t\t<\/div>\n\t\t\t\t<\/div>\n\t\t\t\t\t<\/div>\n\t\t<\/div>\n\t\t\t\t<div class=\"elementor-column elementor-col-33 elementor-inner-column elementor-element elementor-element-226365ae\" data-id=\"226365ae\" data-element_type=\"column\">\n\t\t\t<div class=\"elementor-widget-wrap elementor-element-populated\">\n\t\t\t\t\t\t<div class=\"elementor-element elementor-element-5ff85800 elementor-position-top elementor-widget elementor-widget-image-box\" data-id=\"5ff85800\" data-element_type=\"widget\" data-widget_type=\"image-box.default\">\n\t\t\t\t<div class=\"elementor-widget-container\">\n\t\t\t\t\t<div class=\"elementor-image-box-wrapper\"><figure class=\"elementor-image-box-img\"><img fetchpriority=\"high\" decoding=\"async\" width=\"1200\" height=\"800\" src=\"https:\/\/terapiawcentrum.pl\/wp-content\/uploads\/2025\/03\/placeholder.png\" class=\"attachment-full size-full wp-image-94\" alt=\"\" srcset=\"https:\/\/terapiawcentrum.pl\/wp-content\/uploads\/2025\/03\/placeholder.png 1200w, https:\/\/terapiawcentrum.pl\/wp-content\/uploads\/2025\/03\/placeholder-300x200.png 300w, https:\/\/terapiawcentrum.pl\/wp-content\/uploads\/2025\/03\/placeholder-1024x683.png 1024w, https:\/\/terapiawcentrum.pl\/wp-content\/uploads\/2025\/03\/placeholder-768x512.png 768w, https:\/\/terapiawcentrum.pl\/wp-content\/uploads\/2025\/03\/placeholder-18x12.png 18w\" sizes=\"(max-width: 1200px) 100vw, 1200px\" \/><\/figure><div class=\"elementor-image-box-content\"><h3 class=\"elementor-image-box-title\">Psychoterapia rodzin<\/h3><p class=\"elementor-image-box-description\">Rodzina to system, a ka\u017cdy z jej cz\u0142onk\u00f3w ma wyj\u0105tkowe znaczenie i rol\u0119. Dlatego kiedy w systemie pojawiaj\u0105 si\u0119 problemy, cierpi ka\u017cdy jego element. Podczas terapii pracujemy z ca\u0142\u0105 rodzin\u0105, by dostrzec \u017ar\u00f3d\u0142o trudno\u015bci, zrozumie\u0107 je i pom\u00f3c osi\u0105gn\u0105\u0107 r\u00f3wnowag\u0119<\/p><\/div><\/div>\t\t\t\t<\/div>\n\t\t\t\t<\/div>\n\t\t\t\t\t<\/div>\n\t\t<\/div>\n\t\t\t\t\t<\/div>\n\t\t<\/section>\n\t\t\t\t<section class=\"elementor-section elementor-top-section elementor-element elementor-element-4c186bda elementor-section-boxed elementor-section-height-default elementor-section-height-default\" data-id=\"4c186bda\" data-element_type=\"section\" data-settings=\"{&quot;background_background&quot;:&quot;classic&quot;}\">\n\t\t\t\t\t\t<div class=\"elementor-container elementor-column-gap-default\">\n\t\t\t\t\t<div class=\"elementor-column elementor-col-100 elementor-top-column elementor-element elementor-element-404e2bb5\" data-id=\"404e2bb5\" data-element_type=\"column\">\n\t\t\t<div class=\"elementor-widget-wrap elementor-element-populated\">\n\t\t\t\t\t\t<div class=\"elementor-element elementor-element-bd44d2e elementor-widget elementor-widget-heading\" data-id=\"bd44d2e\" data-element_type=\"widget\" data-widget_type=\"heading.default\">\n\t\t\t\t<div class=\"elementor-widget-container\">\n\t\t\t\t\t<h3 class=\"elementor-heading-title elementor-size-default\">Psychoterapia krok po kroku<\/h3>\t\t\t\t<\/div>\n\t\t\t\t<\/div>\n\t\t\t\t<div class=\"elementor-element elementor-element-b25408b elementor-widget elementor-widget-text-editor\" data-id=\"b25408b\" data-element_type=\"widget\" data-widget_type=\"text-editor.default\">\n\t\t\t\t<div class=\"elementor-widget-container\">\n\t\t\t\t\t\t\t\t\t<h4>KROK 1<\/h4><p>Zobacz, w czym mo\u017cemy Ci pom\u00f3c. Nasz gabinet to dyskretna i profesjonalna psychoterapia w centrum Warszawy dla os\u00f3b indywidualnych, a tak\u017ce par i rodzin.<\/p><h4>KROK 2:<\/h4><p class=\"gmail-_mPS2id-t gmail-mPS2id-target gmail-mPS2id-target-first gmail-mPS2id-target-last\">Wybierz specjalist\u0119, kt\u00f3ry b\u0119dzie Ci najbardziej odpowiada\u0142. Psychoterapia to przede wszystkim relacja, w kt\u00f3rej dokonuje si\u0119 proces zdrowienia. Wa\u017cne, by\u015b czu\u0142 si\u0119 w tej relacji bezpiecznie.<\/p><h4>KROK 3:<\/h4><p>Przyjd\u017a na konsultacj\u0119. Celem tego pierwszego spotkania jest porozmawianie o tym, z jak\u0105 trudno\u015bci\u0105 si\u0119 zmagasz. Dzi\u0119ki temu b\u0119dziemy mogli wsp\u00f3lnie ustali\u0107 cel terapii i najlepsz\u0105 dla Ciebie form\u0119 pracy. Rozumiemy, \u017ce czasami trudno jest nazwa\u0107 problem, a dominuj\u0105cym odczuciem bywa niepok\u00f3j, rozbicie i\u00a0 niepewno\u015b\u0107, co tak w\u0142a\u015bciwie jest nie tak. Ta pierwsza rozmowa to pr\u00f3ba rozpoznania Twojej indywidualnej sytuacji, zmaga\u0144 i potrzeb.<\/p><h4>KROK 4:<\/h4><p>Rozpocznij psychoterapi\u0119 z wybranym specjalist\u0105 i wed\u0142ug ustalonych wsp\u00f3lnie zasad, kt\u00f3re wypracujecie podczas pierwszych sesji. Sesje indywidualne odbywaj\u0105 si\u0119 zwykle raz na tydzie\u0144, a w przypadku terapii par\/rodzin \u2013 zwykle raz na dwa tygodnie. Staramy si\u0119, by spotkania odbywa\u0142y si\u0119 w tym samym dniu i godzinie tygodnia, by zachowa\u0107 sta\u0142y rytm terapii.<\/p>\t\t\t\t\t\t\t\t<\/div>\n\t\t\t\t<\/div>\n\t\t\t\t\t<\/div>\n\t\t<\/div>\n\t\t\t\t\t<\/div>\n\t\t<\/section>\n\t\t\t\t<\/div>","protected":false},"excerpt":{"rendered":"<p>Oferta Psychoterapia indywidualna Ka\u017cdy cz\u0142owiek przechodzi w \u017cyciu kryzysy, zmaga si\u0119 z l\u0119kiem, trudno\u015bciami w relacjach, \u017ca\u0142ob\u0105 lub do\u015bwiadcza cierpienia, kt\u00f3re trudno mu nazwa\u0107. Relacja z psychoterapeut\u0105 to szansa dotarcia do \u017ar\u00f3de\u0142 problem\u00f3w, g\u0142\u0119bszego poznania siebie i \u0107wiczenia nowych form zachowania. Psychoterapia par Kiedy w relacji ma\u0142\u017ce\u0144skiej \/ partnerskiej pojawiaj\u0105 si\u0119 trudno\u015bci, czasem ci\u0119\u017cko jest [&hellip;]<\/p>","protected":false},"author":1,"featured_media":0,"parent":0,"menu_order":0,"comment_status":"closed","ping_status":"closed","template":"","meta":{"site-sidebar-layout":"no-sidebar","site-content-layout":"page-builder","ast-site-content-layout":"","site-content-style":"default","site-sidebar-style":"default","ast-global-header-display":"","ast-banner-title-visibility":"","ast-main-header-display":"","ast-hfb-above-header-display":"","ast-hfb-below-header-display":"","ast-hfb-mobile-header-display":"","site-post-title":"disabled","ast-breadcrumbs-content":"","ast-featured-img":"disabled","footer-sml-layout":"","theme-transparent-header-meta":"default","adv-header-id-meta":"","stick-header-meta":"","header-above-stick-meta":"","header-main-stick-meta":"","header-below-stick-meta":"","astra-migrate-meta-layouts":"default","ast-page-background-enabled":"default","ast-page-background-meta":{"desktop":{"background-color":"","background-image":"","background-repeat":"repeat","background-position":"center center","background-size":"auto","background-attachment":"scroll","background-type":"","background-media":"","overlay-type":"","overlay-color":"","overlay-opacity":"","overlay-gradient":""},"tablet":{"background-color":"","background-image":"","background-repeat":"repeat","background-position":"center center","background-size":"auto","background-attachment":"scroll","background-type":"","background-media":"","overlay-type":"","overlay-color":"","overlay-opacity":"","overlay-gradient":""},"mobile":{"background-color":"","background-image":"","background-repeat":"repeat","background-position":"center center","background-size":"auto","background-attachment":"scroll","background-type":"","background-media":"","overlay-type":"","overlay-color":"","overlay-opacity":"","overlay-gradient":""}},"ast-content-background-meta":{"desktop":{"background-color":"var(--ast-global-color-5)","background-image":"","background-repeat":"repeat","background-position":"center center","background-size":"auto","background-attachment":"scroll","background-type":"","background-media":"","overlay-type":"","overlay-color":"","overlay-opacity":"","overlay-gradient":""},"tablet":{"background-color":"var(--ast-global-color-5)","background-image":"","background-repeat":"repeat","background-position":"center center","background-size":"auto","background-attachment":"scroll","background-type":"","background-media":"","overlay-type":"","overlay-color":"","overlay-opacity":"","overlay-gradient":""},"mobile":{"background-color":"var(--ast-global-color-5)","background-image":"","background-repeat":"repeat","background-position":"center center","background-size":"auto","background-attachment":"scroll","background-type":"","background-media":"","overlay-type":"","overlay-color":"","overlay-opacity":"","overlay-gradient":""}},"footnotes":""},"class_list":["post-26","page","type-page","status-publish","hentry"],"_links":{"self":[{"href":"https:\/\/terapiawcentrum.pl\/en\/wp-json\/wp\/v2\/pages\/26","targetHints":{"allow":["GET"]}}],"collection":[{"href":"https:\/\/terapiawcentrum.pl\/en\/wp-json\/wp\/v2\/pages"}],"about":[{"href":"https:\/\/terapiawcentrum.pl\/en\/wp-json\/wp\/v2\/types\/page"}],"author":[{"embeddable":true,"href":"https:\/\/terapiawcentrum.pl\/en\/wp-json\/wp\/v2\/users\/1"}],"replies":[{"embeddable":true,"href":"https:\/\/terapiawcentrum.pl\/en\/wp-json\/wp\/v2\/comments?post=26"}],"version-history":[{"count":10,"href":"https:\/\/terapiawcentrum.pl\/en\/wp-json\/wp\/v2\/pages\/26\/revisions"}],"predecessor-version":[{"id":97,"href":"https:\/\/terapiawcentrum.pl\/en\/wp-json\/wp\/v2\/pages\/26\/revisions\/97"}],"wp:attachment":[{"href":"https:\/\/terapiawcentrum.pl\/en\/wp-json\/wp\/v2\/media?parent=26"}],"curies":[{"name":"wp","href":"https:\/\/api.w.org\/{rel}","templated":true}]}}